{"id":10513,"date":"2022-10-27T12:26:53","date_gmt":"2022-10-27T12:26:53","guid":{"rendered":"https:\/\/midterm-budapest.com\/?page_id=10513"},"modified":"2025-08-31T10:22:30","modified_gmt":"2025-08-31T10:22:30","slug":"apartments_new","status":"publish","type":"page","link":"https:\/\/midterm-budapest.com\/hu\/","title":{"rendered":"Apartmanok"},"content":{"rendered":"<div data-elementor-type=\"wp-page\" data-elementor-id=\"10513\" class=\"elementor elementor-10513\">\n\t\t\t\t\t\t<section class=\"elementor-section elementor-top-section elementor-element elementor-element-3e08c88 elementor-section-boxed elementor-section-height-default elementor-section-height-default\" data-id=\"3e08c88\" data-element_type=\"section\" data-e-type=\"section\">\n\t\t\t\t\t\t<div class=\"elementor-container elementor-column-gap-default\">\n\t\t\t\t\t<div class=\"elementor-column elementor-col-100 elementor-top-column elementor-element elementor-element-fd1ea17\" data-id=\"fd1ea17\" data-element_type=\"column\" data-e-type=\"column\">\n\t\t\t<div class=\"elementor-widget-wrap elementor-element-populated\">\n\t\t\t\t\t\t<div class=\"elementor-element elementor-element-e9d94c2 elementor-widget elementor-widget-spacer\" data-id=\"e9d94c2\" data-element_type=\"widget\" data-e-type=\"widget\" data-widget_type=\"spacer.default\">\n\t\t\t\t<div class=\"elementor-widget-container\">\n\t\t\t\t\t\t\t<div class=\"elementor-spacer\">\n\t\t\t<div class=\"elementor-spacer-inner\"><\/div>\n\t\t<\/div>\n\t\t\t\t\t\t<\/div>\n\t\t\t\t<\/div>\n\t\t\t\t<div class=\"elementor-element elementor-element-ef9ec1e elementor-widget elementor-widget-heading\" data-id=\"ef9ec1e\" data-element_type=\"widget\" data-e-type=\"widget\" data-widget_type=\"heading.default\">\n\t\t\t\t<div class=\"elementor-widget-container\">\n\t\t\t\t\t<h1 class=\"elementor-heading-title elementor-size-xl\">Tal\u00e1lja meg a t\u00f6k\u00e9letes otthont p\u00e1r h\u00f3napra<\/h1>\t\t\t\t<\/div>\n\t\t\t\t<\/div>\n\t\t\t\t<div class=\"elementor-element elementor-element-467cdd7 elementor-widget elementor-widget-spacer\" data-id=\"467cdd7\" data-element_type=\"widget\" data-e-type=\"widget\" data-widget_type=\"spacer.default\">\n\t\t\t\t<div class=\"elementor-widget-container\">\n\t\t\t\t\t\t\t<div class=\"elementor-spacer\">\n\t\t\t<div class=\"elementor-spacer-inner\"><\/div>\n\t\t<\/div>\n\t\t\t\t\t\t<\/div>\n\t\t\t\t<\/div>\n\t\t\t\t\t<\/div>\n\t\t<\/div>\n\t\t\t\t\t<\/div>\n\t\t<\/section>\n\t\t\t\t<\/div>","protected":false},"excerpt":{"rendered":"<p>Tal\u00e1lja meg a t\u00f6k\u00e9letes otthont p\u00e1r h\u00f3napra<\/p>","protected":false},"author":3,"featured_media":0,"parent":0,"menu_order":0,"comment_status":"closed","ping_status":"closed","template":"property_list.php","meta":{"inline_featured_image":false,"footnotes":""},"class_list":["post-10513","page","type-page","status-publish","hentry"],"_links":{"self":[{"href":"https:\/\/midterm-budapest.com\/hu\/wp-json\/wp\/v2\/pages\/10513","targetHints":{"allow":["GET"]}}],"collection":[{"href":"https:\/\/midterm-budapest.com\/hu\/wp-json\/wp\/v2\/pages"}],"about":[{"href":"https:\/\/midterm-budapest.com\/hu\/wp-json\/wp\/v2\/types\/page"}],"author":[{"embeddable":true,"href":"https:\/\/midterm-budapest.com\/hu\/wp-json\/wp\/v2\/users\/3"}],"replies":[{"embeddable":true,"href":"https:\/\/midterm-budapest.com\/hu\/wp-json\/wp\/v2\/comments?post=10513"}],"version-history":[{"count":50,"href":"https:\/\/midterm-budapest.com\/hu\/wp-json\/wp\/v2\/pages\/10513\/revisions"}],"predecessor-version":[{"id":32646,"href":"https:\/\/midterm-budapest.com\/hu\/wp-json\/wp\/v2\/pages\/10513\/revisions\/32646"}],"wp:attachment":[{"href":"https:\/\/midterm-budapest.com\/hu\/wp-json\/wp\/v2\/media?parent=10513"}],"curies":[{"name":"wp","href":"https:\/\/api.w.org\/{rel}","templated":true}]}}